{"id":10342,"date":"2025-11-08T14:21:32","date_gmt":"2025-11-08T13:21:32","guid":{"rendered":"https:\/\/lvh.utvecklingsmiljo.se\/about-us\/"},"modified":"2025-11-08T14:22:02","modified_gmt":"2025-11-08T13:22:02","slug":"about-us","status":"publish","type":"page","link":"https:\/\/lvh.utvecklingsmiljo.se\/en\/about-us\/","title":{"rendered":"About Us"},"content":{"rendered":"<div data-elementor-type=\"wp-page\" data-elementor-id=\"10342\" class=\"elementor elementor-10342\" data-elementor-post-type=\"page\">\n\t\t\t\t\t\t<section class=\"elementor-section elementor-top-section elementor-element elementor-element-7e24988a elementor-section-boxed elementor-section-height-default elementor-section-height-default\" data-id=\"7e24988a\" data-element_type=\"section\" data-e-type=\"section\" data-settings=\"{&quot;background_background&quot;:&quot;classic&quot;}\">\n\t\t\t\t\t\t\t<div class=\"elementor-background-overlay\"><\/div>\n\t\t\t\t\t\t\t<div class=\"elementor-container elementor-column-gap-no\">\n\t\t\t\t\t<div class=\"elementor-column elementor-col-50 elementor-top-column elementor-element elementor-element-61738a88\" data-id=\"61738a88\" data-element_type=\"column\" data-e-type=\"column\">\n\t\t\t<div class=\"elementor-widget-wrap elementor-element-populated\">\n\t\t\t\t\t\t<div class=\"elementor-element elementor-element-61e6aa73 elementor-widget elementor-widget-heading\" data-id=\"61e6aa73\" data-element_type=\"widget\" data-e-type=\"widget\" data-widget_type=\"heading.default\">\n\t\t\t\t<div class=\"elementor-widget-container\">\n\t\t\t\t\t<h1 class=\"elementor-heading-title elementor-size-default\">Who are we?<\/h1>\t\t\t\t<\/div>\n\t\t\t\t<\/div>\n\t\t\t\t\t<\/div>\n\t\t<\/div>\n\t\t\t\t<div class=\"elementor-column elementor-col-50 elementor-top-column elementor-element elementor-element-405ed87d\" data-id=\"405ed87d\" data-element_type=\"column\" data-e-type=\"column\">\n\t\t\t<div class=\"elementor-widget-wrap\">\n\t\t\t\t\t\t\t<\/div>\n\t\t<\/div>\n\t\t\t\t\t<\/div>\n\t\t<\/section>\n\t\t\t\t<section class=\"elementor-section elementor-top-section elementor-element elementor-element-6490f586 elementor-section-boxed elementor-section-height-default elementor-section-height-default\" data-id=\"6490f586\" data-element_type=\"section\" data-e-type=\"section\">\n\t\t\t\t\t\t<div class=\"elementor-container elementor-column-gap-no\">\n\t\t\t\t\t<div class=\"elementor-column elementor-col-100 elementor-top-column elementor-element elementor-element-5a1cec7b\" data-id=\"5a1cec7b\" data-element_type=\"column\" data-e-type=\"column\">\n\t\t\t<div class=\"elementor-widget-wrap elementor-element-populated\">\n\t\t\t\t\t\t<div class=\"elementor-element elementor-element-2c1e0ebd elementor-widget elementor-widget-heading\" data-id=\"2c1e0ebd\" data-element_type=\"widget\" data-e-type=\"widget\" data-widget_type=\"heading.default\">\n\t\t\t\t<div class=\"elementor-widget-container\">\n\t\t\t\t\t<h2 class=\"elementor-heading-title elementor-size-default\">At Link\u00f6ping City Hotell &amp; Vandrarhem, you are welcomed by a warm, family-like atmosphere and personal service. Located in the heart of the city, you can stay comfortably in fresh, well-appointed rooms close to the city\u2019s attractions, culture, and nature<\/h2>\t\t\t\t<\/div>\n\t\t\t\t<\/div>\n\t\t\t\t<div class=\"elementor-element elementor-element-65ce0edc elementor-widget elementor-widget-text-editor\" data-id=\"65ce0edc\" data-element_type=\"widget\" data-e-type=\"widget\" data-widget_type=\"text-editor.default\">\n\t\t\t\t<div class=\"elementor-widget-container\">\n\t\t\t\t\t\t\t\t\t<p data-start=\"322\" data-end=\"608\">Link\u00f6ping City Hotell &amp; Vandrarhem is a privately owned family hotel founded in 1992 by the current owners. When the business first opened, it was called Link\u00f6ping Vandrarhem and Hotell, and from the very beginning, the goal was to offer affordable, cozy accommodation in central Link\u00f6ping.<\/p>\n<p data-start=\"610\" data-end=\"946\">In 2000, the property and hotel underwent a major renovation. At that time, we relaunched as Link\u00f6ping City Hotel &amp; Vandrarhem,&nbsp;with a clear focus on enhanced comfort and quality. Since then, we have continuously updated and renovated both the facilities and rooms to ensure our guests always enjoy a modern, fresh, and pleasant stay.<\/p>\n<p data-start=\"948\" data-end=\"1350\">Today, we offer 43 rooms in various categories \u2013 from standard rooms with access to a shared kitchen, to comfort rooms, family rooms with a private kitchenette, and superior rooms with separate bedrooms and kitchen facilities. Whatever you choose, you will experience comfort, care, and personal service. In the morning, we serve our popular breakfast buffet to give you the perfect start to the day.<\/p>\n<p data-start=\"1352\" data-end=\"1558\">We are a hotel that always puts the guest first. Our family-like atmosphere and personal touch are points of pride \u2013 and we always go the extra mile to accommodate and assist our guests in any way we can.<\/p>\n<p data-start=\"1560\" data-end=\"1860\">As a guest with us, you stay in the heart of Link\u00f6ping, within walking distance of shopping, restaurants, culture, and city attractions \u2013 while also having nature experiences nearby. We also work sustainably and long-term, with STF\u2019s Sustainability Pledge as a natural part of our daily operations.<\/p>\t\t\t\t\t\t\t\t<\/div>\n\t\t\t\t<\/div>\n\t\t\t\t\t<\/div>\n\t\t<\/div>\n\t\t\t\t\t<\/div>\n\t\t<\/section>\n\t\t\t\t<section class=\"elementor-section elementor-top-section elementor-element elementor-element-516bed76 elementor-section-content-middle elementor-reverse-mobile elementor-section-boxed elementor-section-height-default elementor-section-height-default\" data-id=\"516bed76\" data-element_type=\"section\" data-e-type=\"section\" data-settings=\"{&quot;background_background&quot;:&quot;classic&quot;}\">\n\t\t\t\t\t\t<div class=\"elementor-container elementor-column-gap-no\">\n\t\t\t\t\t<div class=\"elementor-column elementor-col-50 elementor-top-column elementor-element elementor-element-575acbcb\" data-id=\"575acbcb\" data-element_type=\"column\" data-e-type=\"column\">\n\t\t\t<div class=\"elementor-widget-wrap elementor-element-populated\">\n\t\t\t\t\t\t<div class=\"elementor-element elementor-element-181b7041 elementor-widget elementor-widget-heading\" data-id=\"181b7041\" data-element_type=\"widget\" data-e-type=\"widget\" data-widget_type=\"heading.default\">\n\t\t\t\t<div class=\"elementor-widget-container\">\n\t\t\t\t\t<h3 class=\"elementor-heading-title elementor-size-default\">Want to know more about us? Don\u2019t hesitate - call, email, or stop by the reception, and our friendly staff will be happy to help you right away!<\/h3>\t\t\t\t<\/div>\n\t\t\t\t<\/div>\n\t\t\t\t\t<\/div>\n\t\t<\/div>\n\t\t\t\t<div class=\"elementor-column elementor-col-50 elementor-top-column elementor-element elementor-element-3a85b746\" data-id=\"3a85b746\" data-element_type=\"column\" data-e-type=\"column\">\n\t\t\t<div class=\"elementor-widget-wrap elementor-element-populated\">\n\t\t\t\t\t\t<div class=\"elementor-element elementor-element-12b3d01d elementor-widget elementor-widget-image\" data-id=\"12b3d01d\" data-element_type=\"widget\" data-e-type=\"widget\" data-widget_type=\"image.default\">\n\t\t\t\t<div class=\"elementor-widget-container\">\n\t\t\t\t\t\t\t\t\t\t\t\t\t\t\t<img fetchpriority=\"high\" decoding=\"async\" width=\"1200\" height=\"720\" src=\"https:\/\/lvh.utvecklingsmiljo.se\/wp-content\/uploads\/2025\/11\/Cityhotell-1.jpg\" class=\"attachment-full size-full wp-image-10339\" alt=\"\" srcset=\"https:\/\/lvh.utvecklingsmiljo.se\/wp-content\/uploads\/2025\/11\/Cityhotell-1.jpg 1200w, https:\/\/lvh.utvecklingsmiljo.se\/wp-content\/uploads\/2025\/11\/Cityhotell-1-300x180.jpg 300w, https:\/\/lvh.utvecklingsmiljo.se\/wp-content\/uploads\/2025\/11\/Cityhotell-1-1024x614.jpg 1024w, https:\/\/lvh.utvecklingsmiljo.se\/wp-content\/uploads\/2025\/11\/Cityhotell-1-768x461.jpg 768w, https:\/\/lvh.utvecklingsmiljo.se\/wp-content\/uploads\/2025\/11\/Cityhotell-1-18x12.jpg 18w\" sizes=\"(max-width: 1200px) 100vw, 1200px\" \/>\t\t\t\t\t\t\t\t\t\t\t\t\t\t\t<\/div>\n\t\t\t\t<\/div>\n\t\t\t\t\t<\/div>\n\t\t<\/div>\n\t\t\t\t\t<\/div>\n\t\t<\/section>\n\t\t\t\t<\/div>","protected":false},"excerpt":{"rendered":"<p>Who are we? At Link\u00f6ping City Hotell &amp; Vandrarhem, you are welcomed by a warm, family-like atmosphere and personal service. Located in the heart of the city, you can stay comfortably in fresh, well-appointed rooms close to the city\u2019s attractions, culture, and nature Link\u00f6ping City Hotell &amp; Vandrarhem is a privately owned family hotel founded [&hellip;]<\/p>\n","protected":false},"author":237057859,"featured_media":0,"parent":0,"menu_order":0,"comment_status":"closed","ping_status":"closed","template":"","meta":{"site-sidebar-layout":"no-sidebar","site-content-layout":"page-builder","ast-site-content-layout":"full-width-container","site-content-style":"unboxed","site-sidebar-style":"unboxed","ast-global-header-display":"","ast-banner-title-visibility":"","ast-main-header-display":"","ast-hfb-above-header-display":"","ast-hfb-below-header-display":"","ast-hfb-mobile-header-display":"","site-post-title":"disabled","ast-breadcrumbs-content":"disabled","ast-featured-img":"disabled","footer-sml-layout":"","theme-transparent-header-meta":"enabled","adv-header-id-meta":"","stick-header-meta":"","header-above-stick-meta":"","header-main-stick-meta":"","header-below-stick-meta":"","astra-migrate-meta-layouts":"set","ast-page-background-enabled":"default","ast-page-background-meta":{"desktop":{"background-color":"","background-image":"","background-repeat":"repeat","background-position":"center center","background-size":"auto","background-attachment":"scroll","background-type":"","background-media":"","overlay-type":"","overlay-color":"","overlay-opacity":"","overlay-gradient":""},"tablet":{"background-color":"","background-image":"","background-repeat":"repeat","background-position":"center center","background-size":"auto","background-attachment":"scroll","background-type":"","background-media":"","overlay-type":"","overlay-color":"","overlay-opacity":"","overlay-gradient":""},"mobile":{"background-color":"","background-image":"","background-repeat":"repeat","background-position":"center center","background-size":"auto","background-attachment":"scroll","background-type":"","background-media":"","overlay-type":"","overlay-color":"","overlay-opacity":"","overlay-gradient":""}},"ast-content-background-meta":{"desktop":{"background-color":"var(--ast-global-color-5)","background-image":"","background-repeat":"repeat","background-position":"center center","background-size":"auto","background-attachment":"scroll","background-type":"","background-media":"","overlay-type":"","overlay-color":"","overlay-opacity":"","overlay-gradient":""},"tablet":{"background-color":"var(--ast-global-color-5)","background-image":"","background-repeat":"repeat","background-position":"center center","background-size":"auto","background-attachment":"scroll","background-type":"","background-media":"","overlay-type":"","overlay-color":"","overlay-opacity":"","overlay-gradient":""},"mobile":{"background-color":"var(--ast-global-color-5)","background-image":"","background-repeat":"repeat","background-position":"center center","background-size":"auto","background-attachment":"scroll","background-type":"","background-media":"","overlay-type":"","overlay-color":"","overlay-opacity":"","overlay-gradient":""}},"footnotes":""},"class_list":["post-10342","page","type-page","status-publish","hentry"],"yoast_head":"<!-- This site is optimized with the Yoast SEO plugin v26.3 - https:\/\/yoast.com\/wordpress\/plugins\/seo\/ -->\n<title>About Us - Link\u00f6pings Cityhotell &amp; Vandrarhem<\/title>\n<meta name=\"robots\" content=\"index, follow, max-snippet:-1, max-image-preview:large, max-video-preview:-1\" \/>\n<link rel=\"canonical\" href=\"https:\/\/lvh.utvecklingsmiljo.se\/en\/about-us\/\" \/>\n<meta property=\"og:locale\" content=\"en_GB\" \/>\n<meta property=\"og:type\" content=\"article\" \/>\n<meta property=\"og:title\" content=\"About Us - Link\u00f6pings Cityhotell &amp; Vandrarhem\" \/>\n<meta property=\"og:description\" content=\"Who are we? At Link\u00f6ping City Hotell &amp; Vandrarhem, you are welcomed by a warm, family-like atmosphere and personal service. Located in the heart of the city, you can stay comfortably in fresh, well-appointed rooms close to the city\u2019s attractions, culture, and nature Link\u00f6ping City Hotell &amp; Vandrarhem is a privately owned family hotel founded [&hellip;]\" \/>\n<meta property=\"og:url\" content=\"https:\/\/lvh.utvecklingsmiljo.se\/en\/about-us\/\" \/>\n<meta property=\"og:site_name\" content=\"Link\u00f6pings Cityhotell &amp; Vandrarhem\" \/>\n<meta property=\"article:publisher\" content=\"https:\/\/www.facebook.com\/linkopingscityhotell?locale=sv_SE\" \/>\n<meta property=\"article:modified_time\" content=\"2025-11-08T13:22:02+00:00\" \/>\n<meta property=\"og:image\" content=\"https:\/\/lvh.utvecklingsmiljo.se\/wp-content\/uploads\/2025\/11\/Cityhotell-1.jpg\" \/>\n\t<meta property=\"og:image:width\" content=\"1200\" \/>\n\t<meta property=\"og:image:height\" content=\"720\" \/>\n\t<meta property=\"og:image:type\" content=\"image\/jpeg\" \/>\n<meta name=\"twitter:card\" content=\"summary_large_image\" \/>\n<meta name=\"twitter:label1\" content=\"Estimated reading time\" \/>\n\t<meta name=\"twitter:data1\" content=\"2 minutes\" \/>\n<script type=\"application\/ld+json\" class=\"yoast-schema-graph\">{\"@context\":\"https:\/\/schema.org\",\"@graph\":[{\"@type\":\"WebPage\",\"@id\":\"https:\/\/lvh.utvecklingsmiljo.se\/en\/about-us\/\",\"url\":\"https:\/\/lvh.utvecklingsmiljo.se\/en\/about-us\/\",\"name\":\"About Us - Link\u00f6pings Cityhotell &amp; Vandrarhem\",\"isPartOf\":{\"@id\":\"https:\/\/lvh.utvecklingsmiljo.se\/en\/#website\"},\"primaryImageOfPage\":{\"@id\":\"https:\/\/lvh.utvecklingsmiljo.se\/en\/about-us\/#primaryimage\"},\"image\":{\"@id\":\"https:\/\/lvh.utvecklingsmiljo.se\/en\/about-us\/#primaryimage\"},\"thumbnailUrl\":\"https:\/\/lvh.utvecklingsmiljo.se\/wp-content\/uploads\/2025\/11\/Cityhotell-1.jpg\",\"datePublished\":\"2025-11-08T13:21:32+00:00\",\"dateModified\":\"2025-11-08T13:22:02+00:00\",\"breadcrumb\":{\"@id\":\"https:\/\/lvh.utvecklingsmiljo.se\/en\/about-us\/#breadcrumb\"},\"inLanguage\":\"en-GB\",\"potentialAction\":[{\"@type\":\"ReadAction\",\"target\":[\"https:\/\/lvh.utvecklingsmiljo.se\/en\/about-us\/\"]}]},{\"@type\":\"ImageObject\",\"inLanguage\":\"en-GB\",\"@id\":\"https:\/\/lvh.utvecklingsmiljo.se\/en\/about-us\/#primaryimage\",\"url\":\"https:\/\/lvh.utvecklingsmiljo.se\/wp-content\/uploads\/2025\/11\/Cityhotell-1.jpg\",\"contentUrl\":\"https:\/\/lvh.utvecklingsmiljo.se\/wp-content\/uploads\/2025\/11\/Cityhotell-1.jpg\"},{\"@type\":\"BreadcrumbList\",\"@id\":\"https:\/\/lvh.utvecklingsmiljo.se\/en\/about-us\/#breadcrumb\",\"itemListElement\":[{\"@type\":\"ListItem\",\"position\":1,\"name\":\"Home\",\"item\":\"https:\/\/lvh.utvecklingsmiljo.se\/en\/home\/\"},{\"@type\":\"ListItem\",\"position\":2,\"name\":\"About Us\"}]},{\"@type\":\"WebSite\",\"@id\":\"https:\/\/lvh.utvecklingsmiljo.se\/en\/#website\",\"url\":\"https:\/\/lvh.utvecklingsmiljo.se\/en\/\",\"name\":\"Link\u00f6pings Cityhotell & Vandrarhem\",\"description\":\"Familje\u00e4gt Hotell i Centrala Link\u00f6ping\",\"publisher\":{\"@id\":\"https:\/\/lvh.utvecklingsmiljo.se\/en\/#organization\"},\"potentialAction\":[{\"@type\":\"SearchAction\",\"target\":{\"@type\":\"EntryPoint\",\"urlTemplate\":\"https:\/\/lvh.utvecklingsmiljo.se\/en\/?s={search_term_string}\"},\"query-input\":{\"@type\":\"PropertyValueSpecification\",\"valueRequired\":true,\"valueName\":\"search_term_string\"}}],\"inLanguage\":\"en-GB\"},{\"@type\":\"Organization\",\"@id\":\"https:\/\/lvh.utvecklingsmiljo.se\/en\/#organization\",\"name\":\"Link\u00f6pings Cityhotell & Vandrarhem\",\"url\":\"https:\/\/lvh.utvecklingsmiljo.se\/en\/\",\"logo\":{\"@type\":\"ImageObject\",\"inLanguage\":\"en-GB\",\"@id\":\"https:\/\/lvh.utvecklingsmiljo.se\/en\/#\/schema\/logo\/image\/\",\"url\":\"https:\/\/lvh.utvecklingsmiljo.se\/wp-content\/uploads\/2023\/09\/Logo-LVH-2-1-scaled.jpg\",\"contentUrl\":\"https:\/\/lvh.utvecklingsmiljo.se\/wp-content\/uploads\/2023\/09\/Logo-LVH-2-1-scaled.jpg\",\"width\":2560,\"height\":1262,\"caption\":\"Link\u00f6pings Cityhotell & Vandrarhem\"},\"image\":{\"@id\":\"https:\/\/lvh.utvecklingsmiljo.se\/en\/#\/schema\/logo\/image\/\"},\"sameAs\":[\"https:\/\/www.facebook.com\/linkopingscityhotell?locale=sv_SE\",\"https:\/\/www.instagram.com\/linkopingscityhotell\/\"]}]}<\/script>\n<!-- \/ Yoast SEO plugin. -->","yoast_head_json":{"title":"About Us - Link\u00f6pings Cityhotell &amp; Vandrarhem","robots":{"index":"index","follow":"follow","max-snippet":"max-snippet:-1","max-image-preview":"max-image-preview:large","max-video-preview":"max-video-preview:-1"},"canonical":"https:\/\/lvh.utvecklingsmiljo.se\/en\/about-us\/","og_locale":"en_GB","og_type":"article","og_title":"About Us - Link\u00f6pings Cityhotell &amp; Vandrarhem","og_description":"Who are we? At Link\u00f6ping City Hotell &amp; Vandrarhem, you are welcomed by a warm, family-like atmosphere and personal service. Located in the heart of the city, you can stay comfortably in fresh, well-appointed rooms close to the city\u2019s attractions, culture, and nature Link\u00f6ping City Hotell &amp; Vandrarhem is a privately owned family hotel founded [&hellip;]","og_url":"https:\/\/lvh.utvecklingsmiljo.se\/en\/about-us\/","og_site_name":"Link\u00f6pings Cityhotell &amp; Vandrarhem","article_publisher":"https:\/\/www.facebook.com\/linkopingscityhotell?locale=sv_SE","article_modified_time":"2025-11-08T13:22:02+00:00","og_image":[{"width":1200,"height":720,"url":"https:\/\/lvh.utvecklingsmiljo.se\/wp-content\/uploads\/2025\/11\/Cityhotell-1.jpg","type":"image\/jpeg"}],"twitter_card":"summary_large_image","twitter_misc":{"Estimated reading time":"2 minutes"},"schema":{"@context":"https:\/\/schema.org","@graph":[{"@type":"WebPage","@id":"https:\/\/lvh.utvecklingsmiljo.se\/en\/about-us\/","url":"https:\/\/lvh.utvecklingsmiljo.se\/en\/about-us\/","name":"About Us - Link\u00f6pings Cityhotell &amp; Vandrarhem","isPartOf":{"@id":"https:\/\/lvh.utvecklingsmiljo.se\/en\/#website"},"primaryImageOfPage":{"@id":"https:\/\/lvh.utvecklingsmiljo.se\/en\/about-us\/#primaryimage"},"image":{"@id":"https:\/\/lvh.utvecklingsmiljo.se\/en\/about-us\/#primaryimage"},"thumbnailUrl":"https:\/\/lvh.utvecklingsmiljo.se\/wp-content\/uploads\/2025\/11\/Cityhotell-1.jpg","datePublished":"2025-11-08T13:21:32+00:00","dateModified":"2025-11-08T13:22:02+00:00","breadcrumb":{"@id":"https:\/\/lvh.utvecklingsmiljo.se\/en\/about-us\/#breadcrumb"},"inLanguage":"en-GB","potentialAction":[{"@type":"ReadAction","target":["https:\/\/lvh.utvecklingsmiljo.se\/en\/about-us\/"]}]},{"@type":"ImageObject","inLanguage":"en-GB","@id":"https:\/\/lvh.utvecklingsmiljo.se\/en\/about-us\/#primaryimage","url":"https:\/\/lvh.utvecklingsmiljo.se\/wp-content\/uploads\/2025\/11\/Cityhotell-1.jpg","contentUrl":"https:\/\/lvh.utvecklingsmiljo.se\/wp-content\/uploads\/2025\/11\/Cityhotell-1.jpg"},{"@type":"BreadcrumbList","@id":"https:\/\/lvh.utvecklingsmiljo.se\/en\/about-us\/#breadcrumb","itemListElement":[{"@type":"ListItem","position":1,"name":"Home","item":"https:\/\/lvh.utvecklingsmiljo.se\/en\/home\/"},{"@type":"ListItem","position":2,"name":"About Us"}]},{"@type":"WebSite","@id":"https:\/\/lvh.utvecklingsmiljo.se\/en\/#website","url":"https:\/\/lvh.utvecklingsmiljo.se\/en\/","name":"Link\u00f6pings Cityhotell & Vandrarhem","description":"Familje\u00e4gt Hotell i Centrala Link\u00f6ping","publisher":{"@id":"https:\/\/lvh.utvecklingsmiljo.se\/en\/#organization"},"potentialAction":[{"@type":"SearchAction","target":{"@type":"EntryPoint","urlTemplate":"https:\/\/lvh.utvecklingsmiljo.se\/en\/?s={search_term_string}"},"query-input":{"@type":"PropertyValueSpecification","valueRequired":true,"valueName":"search_term_string"}}],"inLanguage":"en-GB"},{"@type":"Organization","@id":"https:\/\/lvh.utvecklingsmiljo.se\/en\/#organization","name":"Link\u00f6pings Cityhotell & Vandrarhem","url":"https:\/\/lvh.utvecklingsmiljo.se\/en\/","logo":{"@type":"ImageObject","inLanguage":"en-GB","@id":"https:\/\/lvh.utvecklingsmiljo.se\/en\/#\/schema\/logo\/image\/","url":"https:\/\/lvh.utvecklingsmiljo.se\/wp-content\/uploads\/2023\/09\/Logo-LVH-2-1-scaled.jpg","contentUrl":"https:\/\/lvh.utvecklingsmiljo.se\/wp-content\/uploads\/2023\/09\/Logo-LVH-2-1-scaled.jpg","width":2560,"height":1262,"caption":"Link\u00f6pings Cityhotell & Vandrarhem"},"image":{"@id":"https:\/\/lvh.utvecklingsmiljo.se\/en\/#\/schema\/logo\/image\/"},"sameAs":["https:\/\/www.facebook.com\/linkopingscityhotell?locale=sv_SE","https:\/\/www.instagram.com\/linkopingscityhotell\/"]}]}},"_links":{"self":[{"href":"https:\/\/lvh.utvecklingsmiljo.se\/en\/wp-json\/wp\/v2\/pages\/10342","targetHints":{"allow":["GET"]}}],"collection":[{"href":"https:\/\/lvh.utvecklingsmiljo.se\/en\/wp-json\/wp\/v2\/pages"}],"about":[{"href":"https:\/\/lvh.utvecklingsmiljo.se\/en\/wp-json\/wp\/v2\/types\/page"}],"author":[{"embeddable":true,"href":"https:\/\/lvh.utvecklingsmiljo.se\/en\/wp-json\/wp\/v2\/users\/237057859"}],"replies":[{"embeddable":true,"href":"https:\/\/lvh.utvecklingsmiljo.se\/en\/wp-json\/wp\/v2\/comments?post=10342"}],"version-history":[{"count":4,"href":"https:\/\/lvh.utvecklingsmiljo.se\/en\/wp-json\/wp\/v2\/pages\/10342\/revisions"}],"predecessor-version":[{"id":10415,"href":"https:\/\/lvh.utvecklingsmiljo.se\/en\/wp-json\/wp\/v2\/pages\/10342\/revisions\/10415"}],"wp:attachment":[{"href":"https:\/\/lvh.utvecklingsmiljo.se\/en\/wp-json\/wp\/v2\/media?parent=10342"}],"curies":[{"name":"wp","href":"https:\/\/api.w.org\/{rel}","templated":true}]}}